{"id":623,"date":"2018-08-21T16:29:20","date_gmt":"2018-08-21T14:29:20","guid":{"rendered":"http:\/\/www.pauljanssens.be\/?page_id=623"},"modified":"2018-08-22T17:27:46","modified_gmt":"2018-08-22T15:27:46","slug":"marisol-jimenez","status":"publish","type":"page","link":"https:\/\/www.pauljanssens.be\/de\/marisol-jimenez\/","title":{"rendered":"Marisol Jimenez"},"content":{"rendered":"<p>[et_pb_section bb_built=&#8221;1&#8243; _builder_version=&#8221;3.0.47&#8243;][et_pb_row _builder_version=&#8221;3.12&#8243; background_size=&#8221;initial&#8221; background_position=&#8221;top_left&#8221; background_repeat=&#8221;repeat&#8221; module_class_2=&#8221;section-text&#8221;][et_pb_column type=&#8221;1_3&#8243;][et_pb_sidebar _builder_version=&#8221;3.12&#8243; area=&#8221;sidebar-1&#8243; show_border=&#8221;off&#8221; \/][\/et_pb_column][et_pb_column type=&#8221;2_3&#8243;][et_pb_text _builder_version=&#8221;3.12&#8243; custom_css_main_element=&#8221;p {||padding-bottom: 0 !important;||}&#8221;]<\/p>\n<h1>Marisol Jimenez&nbsp;&#8211; Lebenslauf<\/h1>\n<p><em>Geboren am 19. Juni 1965 in Loja (Ecuador)<\/em><\/p>\n<pre>Ausbildung:<\/pre>\n<p style=\"padding: 0 0 1em 0; margin: 0;\">Schulung im Bereich internationales Menschenrecht \u2013 Rotes Kreuz Belgien (2001)<\/p>\n<p style=\"padding: 0; margin: 0;\">EPC \u2013 Br\u00fcssel \u2013 Belgien (2001-2002)<\/p>\n<ul>\n<li>EDV-Schulung<\/li>\n<\/ul>\n<p style=\"padding: 0; margin: 0;\">VUB \u2013 Br\u00fcssel \u2013 Belgien (1998-2000)<\/p>\n<ul>\n<li>Zertifikat in franz\u00f6sischer Rechtschreibung und Grammatik<\/li>\n<\/ul>\n<p style=\"padding: 0; margin: 0;\">VUB \u2013 Br\u00fcssel \u2013 Belgien (1996-1998)<\/p>\n<ul>\n<li>Diplom \u00ab&nbsp;Praktisches Franz\u00f6sisch&nbsp;\u00bb<\/li>\n<\/ul>\n<p style=\"padding: 0; margin: 0;\">Universidad Central del Ecuador \u2013 Quito \u2013 Ecuador (1985-1991)<\/p>\n<ul>\n<li>Lizenziatin in Erziehungswissenschaften&nbsp;\u2013 Lehrerin der Oberstufe in den Fachbereichen Mathematik und Physik<\/li>\n<\/ul>\n<p style=\"padding: 0; margin: 0;\">Universidad Central del Ecuador \u2013 Quito \u2013 Ecuador (1984-1985)<\/p>\n<ul>\n<li>Planung von Schul-Curricula, Evaluierungstechniken und Bildungsgesetzgebung<\/li>\n<\/ul>\n<p style=\"padding: 0; margin: 0;\">Berufsbildungsdienst \u2013 Quito \u2013 Ecuador (1983-1984)<\/p>\n<ul>\n<li>Ausbildung zur Wirtschaftskorrespondentin SECAP<\/li>\n<\/ul>\n<p style=\"padding: 0; margin: 0;\">Manuela Canizares \u2013 Quito \u2013 Ecuador (1977-1983)<\/p>\n<ul>\n<li>Abschluss der Sekundarstufe II (physikalisch-mathematischer Zweig)<\/li>\n<li>Allgemeiner Sekundarunterricht der Oberstufe<\/li>\n<\/ul>\n<pre><\/pre>\n<pre>Berufserfahrung:<\/pre>\n<p><u>Seit 2003 bis heute:<\/u><\/p>\n<ul>\n<li><u><\/u>Leiterin der Spanisch-Abteilung und Mitgesch\u00e4ftsf\u00fchrerin des \u00dcbersetzungsb\u00fcros Paul Janssens AG<\/li>\n<li>Ver\u00f6ffentlichung der Bestellung zur Gesch\u00e4ftsf\u00fchrerin  im Belgischen Staatsblatt vom 30. Juni 2003&nbsp;\u2013&nbsp;Br\u00fcssel\/Belgien<\/li>\n<\/ul>\n<p><u>Seit 2001 bis heute:<\/u><\/p>\n<ul>\n<li>Verwaltungsassistentin des \u00dcbersetzungsb\u00fcros Paul Janssens AG, Avenue Louise 146, 1050 Br\u00fcssel-Belgien<\/li>\n<li>Freiwilligenarbeit<\/li>\n<ul style=\"list-style-type: none;\">\n<li>&#8211;  Belgisches Rotes Kreuz<\/li>\n<li>&#8211;  Einf\u00fchrung und Organisation eines Journalismus-Workshops f\u00fcr Jugendliche:<\/li>\n<li>&#8211;  Teilnahme an den Sitzungen zur Pr\u00e4sentation und Beschreibung der Projekte<\/li>\n<li>&#8211;  Beschreibung der Projektziele<\/li>\n<li>&#8211;  Auswahl der Methoden und Ressourcen<\/li>\n<li>&#8211;  Planung und Zusammensetzung der Arbeitsgruppe<\/li>\n<li>&#8211;  Projektbeteiligung und Motivation der Teilnehmer<\/li>\n<\/ul>\n<\/ul>\n<p><u>1998-2001:<\/u><\/p>\n<ul>\n<li><u><\/u>Privatlehrerin f\u00fcr Spanisch in Br\u00fcssel<\/li>\n<li>Spezifische Gestaltung des Spanischunterrichts f\u00fcr Kinder und Jugendliche<\/li>\n<li>Vorbereitung von Aktivit\u00e4ten zur Anwendung der erlernten Sprachkenntnisse<\/li>\n<li>Organisation von Gruppenspielen: Gesellschaftsspiele, Rollenspiele und verschiedene andere Aktivit\u00e4ten<\/li>\n<\/ul>\n<p><u>1998-2000:<\/u><\/p>\n<ul>\n<li>Nachhilfelehrerin f\u00fcr Spanisch und Mathematik in Br\u00fcssel<\/li>\n<li>Sch\u00fcler des 1., 2., 3.&nbsp;Jahres mit Problemen in Arithmetik, Geometrie und Algebra&nbsp;&#8211; Br\u00fcssel\/Belgien<\/li>\n<\/ul>\n<p><u>1992-1993:<\/u><\/p>\n<ul>\n<li>Lehrerin f\u00fcr Mathematik und Sport (Offizielles Curriculum des Bildungsministeriums)<\/li>\n<li>Vorbereitung der Unterrichtsstunden und des Wissenstransfers<\/li>\n<li>Mentorin des 3.&nbsp;Jahres<\/li>\n<li>Planung und Organisation von sportlichen Aktivit\u00e4ten<\/li>\n<li>Schule&nbsp;: San Juan Evangelista Noroccidene de Pichincha \u2013 P. V. M. Ecuador<\/li>\n<\/ul>\n<p><u>1991-1993<\/u>:<\/p>\n<ul>\n<li>Lehrerin f\u00fcr Mathematik, Physik und technisches Zeichnen (Offizielles Curriculum des Bildungsministeriums),<\/li>\n<li>Mentorin des 2.&nbsp;Jahres<\/li>\n<li>Vorbereitung der Unterrichtsstunden und des Wissenstransfers<\/li>\n<li>Technische Schule \u201eVicente Anda Aguirre \u2013 Unterricht in der Tages- und Abendschule<\/li>\n<li>Noroccidente de Pichincha \u2013 Quito \u2013 P. V. M. Ecuador<\/li>\n<\/ul>\n<p><u>1990-1991:<\/u><\/p>\n<ul>\n<li>Lehrerin&nbsp;&#8211;&nbsp;Sekret\u00e4rin<\/li>\n<li>Technische Schule Vicente Anda Aguirre<\/li>\n<li>Noroccidente de Pichincha \u2013 Quito \u2013 P.V.M. Ecuador<\/li>\n<\/ul>\n<p><u>1987- 1988:<\/u><\/p>\n<ul>\n<li>Mathematiklehrerin<\/li>\n<li>Universit\u00e4tskolleg Odilo Aguilar<\/li>\n<li>Quito \u2013 Ecuador<\/li>\n<\/ul>\n<p>&nbsp;<\/p>\n<pre>Soziale Aktivit\u00e4ten:<\/pre>\n<ul>\n<li>Aktive Freiwillige beim belgischen Roten Kreuz<\/li>\n<li>Greeters van Brussels \u2013 Een ander toerisme in Zusammenarbeit mit der Stadt Br\u00fcssel<\/li>\n<\/ul>\n<p>[\/et_pb_text][\/et_pb_column][\/et_pb_row][\/et_pb_section]<\/p>\n","protected":false},"excerpt":{"rendered":"<p>[et_pb_section bb_built=&#8221;1&#8243; _builder_version=&#8221;3.0.47&#8243;][et_pb_row _builder_version=&#8221;3.12&#8243; background_size=&#8221;initial&#8221; background_position=&#8221;top_left&#8221; background_repeat=&#8221;repeat&#8221; module_class_2=&#8221;section-text&#8221;][et_pb_column type=&#8221;1_3&#8243;][et_pb_sidebar _builder_version=&#8221;3.12&#8243; area=&#8221;sidebar-1&#8243; show_border=&#8221;off&#8221; \/][\/et_pb_column][et_pb_column type=&#8221;2_3&#8243;][et_pb_text _builder_version=&#8221;3.12&#8243; custom_css_main_element=&#8221;p {||padding-bottom: 0 !important;||}&#8221;] Marisol Jimenez&nbsp;&#8211; Lebenslauf Geboren am 19. Juni 1965 in Loja (Ecuador) Ausbildung: Schulung im Bereich internationales Menschenrecht \u2013 Rotes Kreuz Belgien (2001) EPC \u2013 Br\u00fcssel \u2013 Belgien (2001-2002) EDV-Schulung VUB \u2013 Br\u00fcssel \u2013 Belgien (1998-2000) Zertifikat [&hellip;]<\/p>\n","protected":false},"author":2,"featured_media":0,"parent":0,"menu_order":0,"comment_status":"closed","ping_status":"closed","template":"","meta":{"footnotes":""},"class_list":["post-623","page","type-page","status-publish","hentry"],"_links":{"self":[{"href":"https:\/\/www.pauljanssens.be\/de\/wp-json\/wp\/v2\/pages\/623","targetHints":{"allow":["GET"]}}],"collection":[{"href":"https:\/\/www.pauljanssens.be\/de\/wp-json\/wp\/v2\/pages"}],"about":[{"href":"https:\/\/www.pauljanssens.be\/de\/wp-json\/wp\/v2\/types\/page"}],"author":[{"embeddable":true,"href":"https:\/\/www.pauljanssens.be\/de\/wp-json\/wp\/v2\/users\/2"}],"replies":[{"embeddable":true,"href":"https:\/\/www.pauljanssens.be\/de\/wp-json\/wp\/v2\/comments?post=623"}],"version-history":[{"count":5,"href":"https:\/\/www.pauljanssens.be\/de\/wp-json\/wp\/v2\/pages\/623\/revisions"}],"predecessor-version":[{"id":694,"href":"https:\/\/www.pauljanssens.be\/de\/wp-json\/wp\/v2\/pages\/623\/revisions\/694"}],"wp:attachment":[{"href":"https:\/\/www.pauljanssens.be\/de\/wp-json\/wp\/v2\/media?parent=623"}],"curies":[{"name":"wp","href":"https:\/\/api.w.org\/{rel}","templated":true}]}}